{"id":26,"date":"2018-09-04T02:11:41","date_gmt":"2018-09-03T23:11:41","guid":{"rendered":"http:\/\/ucretsiz.wordpresstema.com\/test1\/?page_id=26"},"modified":"2021-02-08T14:56:07","modified_gmt":"2021-02-08T11:56:07","slug":"hakkimizda","status":"publish","type":"page","link":"https:\/\/tekniksaglik.com.tr\/?page_id=26","title":{"rendered":"HAKKIMIZDA"},"content":{"rendered":"<div>\n<p><img loading=\"lazy\" class=\"alignnone wp-image-198 size-full\" src=\"https:\/\/tekniksaglik.com.tr\/wp-content\/uploads\/2020\/10\/ekip-e1601546110834.jpg\" alt=\"\" width=\"1582\" height=\"679\" data-attachment=\"41\" \/><\/p>\n<\/div>\n<div>\n<h2>F\u0130RMA PROF\u0130L\u0130<\/h2>\n<p>Teknik Sa\u011fl\u0131k, 1994 y\u0131l\u0131nda kurulmu\u015f ve medikal sekt\u00f6r\u00fcnde faaliyetlerini s\u00fcrd\u00fcrmektedir. Aradan ge\u00e7en uzun y\u0131llar boyunca \u00e7e\u015fitli firmalar\u0131n bayiliklerini yapm\u0131\u015f ve 2004 y\u0131l\u0131ndan itibaren ithalat yapmaya ba\u015flam\u0131\u015ft\u0131r.Almanya&#8217;dan Gelitacel (Oxidized Reseorbable Cellulose) ve Gelitaspon (Absorbabl Jelatin S\u00fcnger) kanama durdurucu \u00fcr\u00fcnlerin T\u00fcrkiye Distrib\u00fct\u00f6rl\u00fc\u011f\u00fc&#8217;n\u00fc \u00fcstlenmi\u015ftir. Firmam\u0131z\u0131n 2006 y\u0131l\u0131nda \u0130stanbul&#8217;da kurdu\u011fu Plastik Enjeksiyon Fabrikas\u0131&#8217;nda, &#8221;Tekcell&#8221; markas\u0131 ile imalata ba\u015flam\u0131\u015ft\u0131r. 2008 y\u0131l\u0131ndan itibaren LifeCast, Gozala, Oscar, Reichberg ve Yutek tescilli markalarla \u00c7in, Almanya ve Kore&#8217;den \u00e7e\u015fitli medikal cihaz ve t\u0131bbi malzeme imalatlar\u0131n\u0131 da s\u00fcrd\u00fcrmektedir. Firmam\u0131z &#8221;TEKCELL&#8217; markas\u0131yla farkl\u0131 \u00fclkelerde ve T\u00fcrkiye&#8217;de imalatlar yapmakla beraber t\u00fcm d\u00fcnya markalar\u0131n\u0131 da bayilerine ula\u015ft\u0131ran bir medikal depodur.<\/p>\n<h2>M\u0130SYONUMUZ<\/h2>\n<p>Biliyoruz ki sa\u011fl\u0131k sekt\u00f6r\u00fcnde kullan\u0131lacak olan \u00fcr\u00fcnler \u00f6ncelikle kaliteli ve kolayl\u0131kla sat\u0131n al\u0131nabilecek fiyata sahip olmal\u0131d\u0131r. Bunun bilincinde olan firmam\u0131zda ama\u00e7, kaliteli ve ekonomik olan \u00fcr\u00fcnlerin imalat\u0131n\u0131 ve ithalat\u0131n\u0131 yaparak bayilerine sunmakt\u0131r. Misyonumuzu, her zaman bu ilkeler do\u011frultusunda s\u00fcrd\u00fcrece\u011fimizin teminat\u0131n\u0131 veriyoruz.<\/p>\n<h2>KAL\u0130TE POL\u0130T\u0130KAMIZ<\/h2>\n<p>Firmam\u0131z; t\u00fcm d\u00fcnyan\u0131n birlikte hareket etti\u011fi g\u00fcn\u00fcm\u00fczde, bu hareketin d\u0131\u015f\u0131nda kalmamaktad\u0131r. Kalite konusundaki hassasiyetimiz gere\u011fi, ithal etmekte oldu\u011fumuz \u00fcr\u00fcnlerde (ISO) ve (EN) gibi kalite belgelerinin yan\u0131 s\u0131ra (CE) belgeleri bulunmaktad\u0131r. Kalite konusundaki d\u00fc\u015f\u00fcncelerimiz sadece \u00fcr\u00fcn baz\u0131nda de\u011fil, sat\u0131\u015f sonras\u0131 hizmet baz\u0131nda da ge\u00e7erlidir.<\/p>\n<h2>TANITIM F\u0130LM\u0130M\u0130Z<\/h2>\n<div style=\"width: 654px;\" class=\"wp-video\"><!--[if lt IE 9]><script>document.createElement('video');<\/script><![endif]-->\n<video class=\"wp-video-shortcode\" id=\"video-26-1\" width=\"654\" height=\"368\" preload=\"metadata\" controls=\"controls\"><source type=\"video\/mp4\" src=\"https:\/\/tekniksaglik.com.tr\/wp-content\/uploads\/2021\/02\/10000000_178213947426618_2377260788392206523_n.mp4?_=1\" \/><a href=\"https:\/\/tekniksaglik.com.tr\/wp-content\/uploads\/2021\/02\/10000000_178213947426618_2377260788392206523_n.mp4\">https:\/\/tekniksaglik.com.tr\/wp-content\/uploads\/2021\/02\/10000000_178213947426618_2377260788392206523_n.mp4<\/a><\/video><\/div>\n<\/div>\n\n\n<p><\/p>\n","protected":false},"excerpt":{"rendered":"<p>F\u0130RMA PROF\u0130L\u0130 Teknik Sa\u011fl\u0131k, 1994 y\u0131l\u0131nda kurulmu\u015f ve medikal sekt\u00f6r\u00fcnde faaliyetlerini s\u00fcrd\u00fcrmektedir. Aradan ge\u00e7en uzun y\u0131llar boyunca \u00e7e\u015fitli firmalar\u0131n bayiliklerini yapm\u0131\u015f ve 2004 y\u0131l\u0131ndan itibaren ithalat yapmaya ba\u015flam\u0131\u015ft\u0131r.Almanya&#8217;dan Gelitacel (Oxidized Reseorbable Cellulose) ve Gelitaspon (Absorbabl Jelatin S\u00fcnger) kanama durdurucu \u00fcr\u00fcnlerin T\u00fcrkiye Distrib\u00fct\u00f6rl\u00fc\u011f\u00fc&#8217;n\u00fc \u00fcstlenmi\u015ftir. Firmam\u0131z\u0131n 2006 y\u0131l\u0131nda \u0130stanbul&#8217;da kurdu\u011fu Plastik Enjeksiyon Fabrikas\u0131&#8217;nda, &#8221;Tekcell&#8221; markas\u0131 ile imalata&#8230;<\/p>\n","protected":false},"author":1,"featured_media":0,"parent":0,"menu_order":0,"comment_status":"closed","ping_status":"closed","template":"","meta":[],"_links":{"self":[{"href":"https:\/\/tekniksaglik.com.tr\/index.php?rest_route=\/wp\/v2\/pages\/26"}],"collection":[{"href":"https:\/\/tekniksaglik.com.tr\/index.php?rest_route=\/wp\/v2\/pages"}],"about":[{"href":"https:\/\/tekniksaglik.com.tr\/index.php?rest_route=\/wp\/v2\/types\/page"}],"author":[{"embeddable":true,"href":"https:\/\/tekniksaglik.com.tr\/index.php?rest_route=\/wp\/v2\/users\/1"}],"replies":[{"embeddable":true,"href":"https:\/\/tekniksaglik.com.tr\/index.php?rest_route=%2Fwp%2Fv2%2Fcomments&post=26"}],"version-history":[{"count":9,"href":"https:\/\/tekniksaglik.com.tr\/index.php?rest_route=\/wp\/v2\/pages\/26\/revisions"}],"predecessor-version":[{"id":632,"href":"https:\/\/tekniksaglik.com.tr\/index.php?rest_route=\/wp\/v2\/pages\/26\/revisions\/632"}],"wp:attachment":[{"href":"https:\/\/tekniksaglik.com.tr\/index.php?rest_route=%2Fwp%2Fv2%2Fmedia&parent=26"}],"curies":[{"name":"wp","href":"https:\/\/api.w.org\/{rel}","templated":true}]}}