{"id":30,"date":"2018-09-04T02:12:28","date_gmt":"2018-09-03T23:12:28","guid":{"rendered":"http:\/\/ucretsiz.wordpresstema.com\/test1\/?page_id=30"},"modified":"2020-10-12T12:50:07","modified_gmt":"2020-10-12T09:50:07","slug":"hizmetlerimiz","status":"publish","type":"page","link":"https:\/\/tekniksaglik.com.tr\/?page_id=30","title":{"rendered":"E-KATALOG"},"content":{"rendered":"<div>\n<div>\n<h2>Teknik Sa\u011fl\u0131k Ana \u00dcr\u00fcn Katalo\u011fu<\/h2>\n<p>Teknik Sa\u011fl\u0131k Firmam\u0131z\u0131n Ana \u00dcr\u00fcn Katalo\u011funa a\u015fa\u011f\u0131daki ba\u011flant\u0131dan ula\u015fabilirsiniz.<\/p>\n<p><a href=\"https:\/\/tekniksaglik.com.tr\/wp-content\/uploads\/2020\/10\/Tekcell-Ana-Katalogu.pdf\">Ana \u00dcr\u00fcn Katalo\u011fu<\/a><\/p>\n<\/div>\n<div>\n<h2>T\u0131bbi Cihaz \u00dcr\u00fcn Katalo\u011fu<\/h2>\n<p>Teknik Sa\u011fl\u0131k Firmam\u0131z\u0131n t\u0131bbi cihazlar\u0131n\u0131n bulundu\u011fu T\u0131bbi Cihaz \u00dcr\u00fcn Katalo\u011funa a\u015fa\u011f\u0131daki ba\u011flant\u0131dan ula\u015fabilirsiniz.<\/p>\n<p><a href=\"https:\/\/tekniksaglik.com.tr\/wp-content\/uploads\/2020\/10\/Tekcell-cihaz-Urun-Katalogu.pdf\">T\u0131bbi Cihaz \u00dcr\u00fcn Katalo\u011fu<\/a><\/p>\n<\/div>\n<div>\n<h2>Ortopedi \u00dcr\u00fcn Katalo\u011fu<\/h2>\n<p>Teknik Sa\u011fl\u0131k Firmam\u0131z\u0131n ortopedik \u00fcr\u00fcnlerinin bulundu\u011fu Ortopedi \u00dcr\u00fcn Katalo\u011funa a\u015fa\u011f\u0131daki ba\u011flant\u0131dan ula\u015fabilirsiniz.<\/p>\n<p><a href=\"http:\/\/\/tekniksaglik.com.tr\/wp-content\/uploads\/2020\/10\/ortopedi.pdf\" data-wplink-url-error=\"true\">Ortopedi \u00dcr\u00fcn Katalo\u011fu<\/a><\/p>\n<\/div>\n<\/div>\n<div><\/div>\n","protected":false},"excerpt":{"rendered":"<p>Teknik Sa\u011fl\u0131k Ana \u00dcr\u00fcn Katalo\u011fu Teknik Sa\u011fl\u0131k Firmam\u0131z\u0131n Ana \u00dcr\u00fcn Katalo\u011funa a\u015fa\u011f\u0131daki ba\u011flant\u0131dan ula\u015fabilirsiniz. Ana \u00dcr\u00fcn Katalo\u011fu T\u0131bbi Cihaz \u00dcr\u00fcn Katalo\u011fu Teknik Sa\u011fl\u0131k Firmam\u0131z\u0131n t\u0131bbi cihazlar\u0131n\u0131n bulundu\u011fu T\u0131bbi Cihaz \u00dcr\u00fcn Katalo\u011funa a\u015fa\u011f\u0131daki ba\u011flant\u0131dan ula\u015fabilirsiniz. T\u0131bbi Cihaz \u00dcr\u00fcn Katalo\u011fu Ortopedi \u00dcr\u00fcn Katalo\u011fu Teknik Sa\u011fl\u0131k Firmam\u0131z\u0131n ortopedik \u00fcr\u00fcnlerinin bulundu\u011fu Ortopedi \u00dcr\u00fcn Katalo\u011funa a\u015fa\u011f\u0131daki ba\u011flant\u0131dan ula\u015fabilirsiniz. Ortopedi \u00dcr\u00fcn&#8230;<\/p>\n","protected":false},"author":1,"featured_media":0,"parent":0,"menu_order":0,"comment_status":"closed","ping_status":"closed","template":"","meta":[],"_links":{"self":[{"href":"https:\/\/tekniksaglik.com.tr\/index.php?rest_route=\/wp\/v2\/pages\/30"}],"collection":[{"href":"https:\/\/tekniksaglik.com.tr\/index.php?rest_route=\/wp\/v2\/pages"}],"about":[{"href":"https:\/\/tekniksaglik.com.tr\/index.php?rest_route=\/wp\/v2\/types\/page"}],"author":[{"embeddable":true,"href":"https:\/\/tekniksaglik.com.tr\/index.php?rest_route=\/wp\/v2\/users\/1"}],"replies":[{"embeddable":true,"href":"https:\/\/tekniksaglik.com.tr\/index.php?rest_route=%2Fwp%2Fv2%2Fcomments&post=30"}],"version-history":[{"count":6,"href":"https:\/\/tekniksaglik.com.tr\/index.php?rest_route=\/wp\/v2\/pages\/30\/revisions"}],"predecessor-version":[{"id":536,"href":"https:\/\/tekniksaglik.com.tr\/index.php?rest_route=\/wp\/v2\/pages\/30\/revisions\/536"}],"wp:attachment":[{"href":"https:\/\/tekniksaglik.com.tr\/index.php?rest_route=%2Fwp%2Fv2%2Fmedia&parent=30"}],"curies":[{"name":"wp","href":"https:\/\/api.w.org\/{rel}","templated":true}]}}